{"id":4095,"date":"2019-09-24T16:41:46","date_gmt":"2019-09-24T14:41:46","guid":{"rendered":"https:\/\/korallosrl.it\/?page_id=4095"},"modified":"2021-12-10T16:24:23","modified_gmt":"2021-12-10T15:24:23","slug":"privacy","status":"publish","type":"page","link":"https:\/\/korallo.net\/index.php\/privacy\/","title":{"rendered":"Privacy"},"content":{"rendered":"\n<h2 class=\"has-text-align-left wp-block-heading\"><strong>INFORMATIVA COMPLETA PRIVACY IN CONFORMITA\u2019 AL REGOLAMENTO GENERALE EUROPEO 679\/16 ( GDPR ).<\/strong><\/h2>\n\n\n\n<h3 class=\"has-text-align-left wp-block-heading\"><strong>Identit\u00e0 e dati di contatto del titolare del trattamento<\/strong><\/h3>\n\n\n\n<p class=\"wp-block-paragraph\">La presente informativa disciplina il trattamento dei dati personali effettuato mediante la nostra societ\u00e0 all\u2019interno del presente sito web, in conformit\u00e0 alle vigenti norme in tema di protezione dei dati, ivi incluso, in particolare, il Regolamento UE 2016\/679 (di seguito \u201cGDPR\u201d)<\/p>\n\n\n\n<p class=\"wp-block-paragraph\">Il trattamento \u00e8 effettuato da:<\/p>\n\n\n\n<p class=\"wp-block-paragraph\"><strong>Korallo Srl, con sede in Via Terraglio, 119 \u2013 31022 Preganziol (TV)<\/strong>,<strong>  telefono: 0422.1600130, email: privacy@korallo.net (di seguito denominata \u201cil Titolare\u201d o la \u201cSociet\u00e0\u201d ) .<\/strong><\/p>\n\n\n\n<div style=\"height:20px\" aria-hidden=\"true\" class=\"wp-block-spacer\"><\/div>\n\n\n\n<h3 class=\"wp-block-heading\"><strong>Modalit\u00e0 del trattamento<\/strong><\/h3>\n\n\n\n<p class=\"wp-block-paragraph\">Il sito web potrebbe trattare i suoi dati personali mediante i seguenti strumenti e secondo le modalit\u00e0 ivi descritte.<\/p>\n\n\n\n<p class=\"wp-block-paragraph\"><strong><em>Cookie tecnici, statistici e variabili ambientali<\/em><\/strong><\/p>\n\n\n\n<ul class=\"wp-block-list\"><li><strong>Cookie di navigazione, funzionali, di sessione<\/strong>: questi cookie permettono al sito di funzionare correttamente. L\u2019uso di cookie di sessione (che non sono memorizzati in modo persistente sul dispositivo dell\u2019interessato e sono automaticamente cancellati con la chiusura del browser) \u00e8 strettamente limitato alla trasmissione di identificativi delle singole sessioni, al fine di consentire l\u2019utilizzo sicuro ed efficiente del sito. Si tratta, in larga parte, dei cookie propri della piattaforma denominata \u201cWordpress\u201d (wordpress.org), utilizzata al fine della realizzazione e del mantenimento del sito.&nbsp;<\/li><li><strong>Cookie statistici<\/strong>: Il sito utilizza cookie statistici realizzati direttamente dal titolare del trattamento, quale prima parte, o forniti da terze parti. In quest\u2019ultimo caso sono stati adottati strumenti idonei a ridurne il potere identificativo, anche mediante il mascheramento di porzioni significative degli indirizzi IP cos\u00ec trattati. L\u2019impiego di tali cookie statistici di terze parti, inoltre, \u00e8 stato subordinato a vincoli contrattuali che impegnano la terza parte ad utilizzarli esclusivamente per la fornitura del servizio, a conservarli separatamente e a non \u201carricchirli\u201d o a non \u201cincrociarli\u201d con altre informazioni di cui esse dispongano. Per quanto concerne specificatamente i cookie di <strong>Google Analytics<\/strong>, le informazioni ricavabili da tali cookie verranno trasmesse dal browser dell\u2019interessato a Google Inc., con sede a 1600 Amphitheatre Parkway, Mountain View, CA 94043, Stati Uniti, e depositate presso i server della societ\u00e0 stessa. Le norme sulla privacy di Google, ivi inclusa l\u2019informativa privacy relativa al servizio di Google Analitycs che invitiamo a leggere, sono disponibili a partire dal seguente indirizzo: <a href=\"http:\/\/www.google.com\/intl\/it\/privacy\/privacy-policy.html\">http:\/\/www.google.com\/intl\/it\/privacy\/privacy-policy.html<\/a>&nbsp;<\/li><li><strong>Dati di navigazione e variabili ambientali<\/strong>: I sistemi informatici e le procedure preposte al funzionamento corretto del sito acquisiscono automaticamente, nel corso del loro normale esercizio, alcuni dati personali relativi alla navigazione, ivi incluse variabili ambientali. In questa categoria di dati rientrano, a titolo esemplificativo:&nbsp;<\/li><li>Gli indirizzi IP dei computer utilizzati dagli utenti che fruiscono del servizio;&nbsp;<\/li><li>Il numero di accessi;&nbsp;<\/li><li>Le pagine visualizzate;&nbsp;<\/li><li>La data e l\u2019orario in cui \u00e8 avvenuto l\u2019accesso;&nbsp;<\/li><li>Il tipo di browser di navigazione;&nbsp;<\/li><li>Il sistema operativo utilizzato.&nbsp;<\/li><\/ul>\n\n\n\n<p class=\"wp-block-paragraph\"><strong><em>Come eliminare e disattivare i cookie<\/em><\/strong><\/p>\n\n\n\n<p class=\"wp-block-paragraph\">\u00c8 possibile configurare il proprio browser al fine di evitare che lo stesso tratti cookies, ovvero utilizzare specifiche funzioni dello stesso volte ad evitarne l\u2019 installazione.<\/p>\n\n\n\n<p class=\"wp-block-paragraph\">Informativa per Eliminare\/disattivare i cookie con Firefox: <a href=\"http:\/\/support.mozilla.com\/it\/kb\/Eliminare%20i%20cookie\">http:\/\/support.mozilla.com\/it\/kb\/Eliminare%20i%20cookie<\/a><\/p>\n\n\n\n<p class=\"wp-block-paragraph\">Informativa per Eliminare\/disattivare i cookie con Edge: <a href=\"https:\/\/support.microsoft.com\/it-it\/help\/4027947\/windows-delete-cookies\">https:\/\/support.microsoft.com\/it-it\/help\/4027947\/windows-delete-cookies<\/a><\/p>\n\n\n\n<p class=\"wp-block-paragraph\">Informativa per Eliminare\/disattivare i cookie con Chrome: <a href=\"http:\/\/support.google.com\/chrome\/bin\/answer.py?hl=it&amp;answer=95647\">http:\/\/support.google.com\/chrome\/bin\/answer.py?hl=it&amp;answer=95647<\/a><\/p>\n\n\n\n<div style=\"height:20px\" aria-hidden=\"true\" class=\"wp-block-spacer\"><\/div>\n\n\n\n<h3 class=\"wp-block-heading\">Dati forniti volontariamente dall\u2019interessato<\/h3>\n\n\n\n<p class=\"wp-block-paragraph\">I dati facoltativamente e liberamente la lei forniti mediante l\u2019invio di posta elettronica agli indirizzi presenti sul sito, ovvero mediante form di contatto, potranno essere acquisiti per le finalit\u00e0 di volta in volta indicate. In particolare, oltre all\u2019indirizzo email necessario per rispondere al mittente, saranno trattati eventuali altri dati personali contenuti nella relativa comunicazione. Tali dati cos\u00ec raccolti saranno conservati e trattati esclusivamente per finalit\u00e0 di conservazione della corrispondenza e non saranno utilizzati per altre finalit\u00e0.<\/p>\n\n\n\n<div style=\"height:20px\" aria-hidden=\"true\" class=\"wp-block-spacer\"><\/div>\n\n\n\n<h3 class=\"wp-block-heading\"><strong>Finalit\u00e0 del trattamento e base giuridica del trattamento<\/strong><\/h3>\n\n\n\n<p class=\"wp-block-paragraph\">In relazione ai <strong>cookie di natura tecnica<\/strong> di cui al punto 2 ed ai dati di navigazione, il trattamento dei dati personali \u00e8 effettuato al fine di consentire la corretta fruizione del nostro sito; il relativo utilizzo \u00e8 necessario per la navigazione all\u2019interno del nostro sito web. In questo caso costituisce base giuridica del trattamento il legittimo interesse del titolare. In relazione ai dati forniti volontariamente a mezzo email o mediante form di contatto, il trattamento di dati personali effettuato consente di rispondere alle richieste degli interessati. Costituisce base giuridica del trattamento il legittimo interesse del Titolare di rispondere agli interessati.<\/p>\n\n\n\n<div style=\"height:20px\" aria-hidden=\"true\" class=\"wp-block-spacer\"><\/div>\n\n\n\n<h3 class=\"wp-block-heading\"><strong>Modalit\u00e0 di espressione del consenso<\/strong><\/h3>\n\n\n\n<p class=\"wp-block-paragraph\">Il consenso al trattamento di dati personali non \u00e8 richiesto in relazione alle finalit\u00e0 indicate al punto precedente.<\/p>\n\n\n\n<div style=\"height:20px\" aria-hidden=\"true\" class=\"wp-block-spacer\"><\/div>\n\n\n\n<h3 class=\"wp-block-heading\"><strong>Fonte da cui hanno origine i dati personali&nbsp;<\/strong><\/h3>\n\n\n\n<p class=\"wp-block-paragraph\">Saranno trattati solo i dati forniti in conformit\u00e0 alla presente informativa, raccolti mediante il sito web, mediante l\u2019invio di una email da parte dell\u2019interessato o la compilazione del modulo contatti. Non saranno trattati i dati provenienti da fonti accessibili al pubblico o collezionati tramite profilazione.<\/p>\n\n\n\n<div style=\"height:20px\" aria-hidden=\"true\" class=\"wp-block-spacer\"><\/div>\n\n\n\n<h3 class=\"wp-block-heading\"><strong>Destinatari ed eventuali categorie di destinatari dei dati personali<\/strong><\/h3>\n\n\n\n<p class=\"wp-block-paragraph\">Potranno essere destinatari dei dati personali dell\u2019interessato:<\/p>\n\n\n\n<ul class=\"wp-block-list\"><li>Le societ\u00e0 che offrono servizi della societ\u00e0 dell\u2019informazione, ivi incluse, in particolare, quelle che offrono servizi di hosting e di gestione delle email e del presente sito web;<\/li><li>Societ\u00e0, partner commerciali, che effettuano servizi connessi a quelli richiesti.&nbsp;<\/li><\/ul>\n\n\n\n<p class=\"wp-block-paragraph\">Il trasferimento di dati personali verso tali soggetti, qualora stabiliti in un Paese terzo o un\u2019organizzazione internazionale, \u00e8 effettuata in presenza di una decisione di adeguatezza della Commissione Europea, che ha verificato come il Paese terzo, il territorio o uno o pi\u00f9 settori specifici all\u2019interno del paese terzo, o l\u2019organizzazione internazionale in questione garantiscono un livello di protezione adeguato dei suoi diritti. In caso di assenza di tali decisioni il Titolare \u2013 o qualora questi lo ritenga comunque opportuno \u2013 si riserva di concludere specifici separati accordi che obblighino tali soggetti ad adottare adeguate misure di sicurezza, anche organizzative, volte ad offrire garanzie appropriate in merito ai suoi diritti. Google Inc., in particolare, si \u00e8 contrattualmente vincolata ad assicurare idonea tutela dei diritti dell\u2019interessato. I dati potranno essere cos\u00ec trasferiti negli Stati Uniti d\u2019America. Per ottenere una copia di tali dati o il luogo dove sono stati resi disponibili \u00e8 sufficiente inviare la relativa richiesta all\u2019indirizzo email del Titolare.<\/p>\n\n\n\n<div style=\"height:20px\" aria-hidden=\"true\" class=\"wp-block-spacer\"><\/div>\n\n\n\n<h3 class=\"wp-block-heading\"><strong>Categorie di dati trattati<\/strong><\/h3>\n\n\n\n<p class=\"wp-block-paragraph\">Saranno trattati dati personali. Nel caso di compilazione form contatti saranno in ogni caso trattati i seguenti dati: Nome e cognome dell\u2019interessato, azienda, indirizzo, email e telefono.&nbsp;<\/p>\n\n\n\n<div style=\"height:20px\" aria-hidden=\"true\" class=\"wp-block-spacer\"><\/div>\n\n\n\n<h3 class=\"wp-block-heading\"><strong>Facoltativit\u00e0 del consenso e conseguenze del mancato consenso<\/strong><\/h3>\n\n\n\n<p class=\"wp-block-paragraph\">In relazione ai dati personali trattati al fine di consentire una corretta fruizione del sito web mediante cookie tecnici di cui al punto 2, il trattamento di tali dati non \u00e8 un obbligo di natura contrattuale, ma legittimo interesse del Titolare; senza tale trattamento, infatti, non potrebbe essere reso disponibile il sito web perfettamente funzionante.<\/p>\n\n\n\n<p class=\"wp-block-paragraph\">In relazione ai dati personali trattati al fine di rispondere a specifiche richieste dell\u2019interessato tramite compilazione del form contatti o email, il trattamento di dati personali non \u00e8 un obbligo di natura contrattuale, ma legittimo interesse del Titolare; senza tale trattamento, infatti, non potrebbe essere possibile rispondere alle sue richieste di volta in volta formulate.<\/p>\n\n\n\n<div style=\"height:20px\" aria-hidden=\"true\" class=\"wp-block-spacer\"><\/div>\n\n\n\n<h3 class=\"wp-block-heading\"><strong>Diritti dell\u2019interessato<\/strong><\/h3>\n\n\n\n<h4 class=\"wp-block-heading\"><strong>Diritto di opposizione<\/strong><\/h4>\n\n\n\n<p class=\"wp-block-paragraph\">L\u2019interessato ha il diritto di opporsi, in qualsiasi momento per motivi connessi alla sua situazione particolare, al trattamento dei dati personali che lo riguardano, ai sensi dell\u2019articolo 6, paragrafo 1, lettere e) o f) del GDPR. Il Titolare si astiene dal trattare ulteriormente i dati personali salvo l\u2019esistenza di motivi legittimi cogenti per procedere al trattamento che prevalgono sugli interessi, sui diritti e sulle libert\u00e0 dell\u2019interessato oppure per l\u2019accertamento, l\u2019esercizio o la difesa di un diritto in sede giudiziaria.<\/p>\n\n\n\n<h4 class=\"wp-block-heading\"><strong>Altri diritti<\/strong><\/h4>\n\n\n\n<p class=\"wp-block-paragraph\">Il Titolare intende, altres\u00ec, informare l\u2019interessato dell\u2019esistenza dei seguenti suoi diritti:<\/p>\n\n\n\n<ul class=\"wp-block-list\"><li><strong>Diritto di accesso dell\u2019interessato:<\/strong> l\u2019interessato ha il diritto di ottenere dal Titolare la conferma che sia o meno in corso un trattamento di dati personali che lo riguardano e in tal caso, di ottenere l\u2019accesso ai dati personali e a specifiche informazioni, in conformit\u00e0 all\u2019art. 15 del GDPR;&nbsp;<\/li><li><strong>Diritto di rettifica: <\/strong>l\u2019interessato ha il diritto di ottenere dal Titolare la rettifica dei dati personali inesatti che lo riguardano . Tenuto conto delle finalit\u00e0 del trattamento, l\u2019interessato ha il diritto di ottenere l\u2019integrazione dei dati personali incompleti, anche fornendo una dichiarazione integrativa, in conformit\u00e0 all\u2019art. 16 del GDPR;&nbsp;<\/li><li><strong>Diritto alla cancellazione dei dati, ivi incluso il diritto alla revoca del consenso:<\/strong> l\u2019interessato ha il diritto di ottenere dal Titolare la cancellazione dei dati personali che lo riguardano e il Titolare ha l\u2019obbligo di cancellare senza ingiustificato ritardo i dati personali, o di revocare il proprio consenso, se sussistono i motivi definiti dall\u2019art. 17 del GDPR. Per quanto concerne il diritto alla revoca, l\u2019interessato ha altres\u00ec il diritto di revocare il consenso in qualsiasi momento senza pregiudicare la liceit\u00e0 del trattamento basata sul consenso prestato prima della revoca;&nbsp;<\/li><li><strong>Diritto di limitazione di trattamento:<\/strong> l\u2019interessato ha il diritto di ottenere dal Titolare la limitazione del trattamento quando ricorrono le ipotesi definite dall\u2019art. 18 del GDPR;&nbsp;<\/li><li><strong>Diritto alla portabilit\u00e0 dei dati:<\/strong> l\u2019interessato ha il diritto di ricevere in un formato strutturato, di uso comune e leggibile da dispositivo automatico, i dati personali che lo riguardano forniti al Titolare ed ha il diritto di trasmettere tali dati a un altro Titolare alle condizioni specificate dall\u2019art. 20 del GDPR.&nbsp;<\/li><\/ul>\n\n\n\n<div style=\"height:20px\" aria-hidden=\"true\" class=\"wp-block-spacer\"><\/div>\n\n\n\n<h3 class=\"wp-block-heading\"><strong>Esercizio dei diritti<\/strong><\/h3>\n\n\n\n<p class=\"wp-block-paragraph\">Le istanze di esercizio dei diritti indicati nella presente informativa, ivi inclusi, in particolare, il diritto alla cancellazione ed il diritto alla revoca del consenso prestato dovranno essere indirizzate direttamente al Titolare all\u2019indirizzo email privacy@korallo.net. In alternativa \u00e8 possibile esercitare i propri diritti inviando relativa comunicazione mediante una raccomandata A\/R a Korallo srl all\u2019indirizzo Via Terraglio, 119 \u2013 31022 Preganziol (TV).<br><\/p>\n","protected":false},"excerpt":{"rendered":"<p>INFORMATIVA COMPLETA PRIVACY IN CONFORMITA\u2019 AL REGOLAMENTO GENERALE EUROPEO 679\/16 ( GDPR ). Identit\u00e0 e dati di contatto del titolare del trattamento La presente informativa disciplina il trattamento dei dati personali effettuato mediante la nostra societ\u00e0 all\u2019interno del presente sito web, in conformit\u00e0 alle vigenti norme in tema di protezione dei dati, ivi incluso, in<\/p><\/div>\n<div class=\"blog-btn\"><a href=\"https:\/\/korallo.net\/index.php\/privacy\/\" class=\"home-blog-btn\">Leggi tutto<\/a><\/p>\n","protected":false},"author":10,"featured_media":0,"parent":0,"menu_order":0,"comment_status":"closed","ping_status":"closed","template":"","meta":{"_crdt_document":"","footnotes":""},"class_list":["post-4095","page","type-page","status-publish","hentry"],"yoast_head":"<!-- This site is optimized with the Yoast SEO plugin v27.5 - https:\/\/yoast.com\/product\/yoast-seo-wordpress\/ -->\n<title>Privacy - Korallo Srl<\/title>\n<meta name=\"robots\" content=\"index, follow, max-snippet:-1, max-image-preview:large, max-video-preview:-1\" \/>\n<link rel=\"canonical\" href=\"https:\/\/korallo.net\/index.php\/privacy\/\" \/>\n<meta property=\"og:locale\" content=\"it_IT\" \/>\n<meta property=\"og:type\" content=\"article\" \/>\n<meta property=\"og:title\" content=\"Privacy - Korallo Srl\" \/>\n<meta property=\"og:description\" content=\"INFORMATIVA COMPLETA PRIVACY IN CONFORMITA\u2019 AL REGOLAMENTO GENERALE EUROPEO 679\/16 ( GDPR ). Identit\u00e0 e dati di contatto del titolare del trattamento La presente informativa disciplina il trattamento dei dati personali effettuato mediante la nostra societ\u00e0 all\u2019interno del presente sito web, in conformit\u00e0 alle vigenti norme in tema di protezione dei dati, ivi incluso, inLeggi tutto\" \/>\n<meta property=\"og:url\" content=\"https:\/\/korallo.net\/index.php\/privacy\/\" \/>\n<meta property=\"og:site_name\" content=\"Korallo Srl\" \/>\n<meta property=\"article:modified_time\" content=\"2021-12-10T15:24:23+00:00\" \/>\n<meta name=\"twitter:card\" content=\"summary_large_image\" \/>\n<meta name=\"twitter:label1\" content=\"Tempo di lettura stimato\" \/>\n\t<meta name=\"twitter:data1\" content=\"7 minuti\" \/>\n<script type=\"application\/ld+json\" class=\"yoast-schema-graph\">{\"@context\":\"https:\\\/\\\/schema.org\",\"@graph\":[{\"@type\":\"WebPage\",\"@id\":\"https:\\\/\\\/korallo.net\\\/index.php\\\/privacy\\\/\",\"url\":\"https:\\\/\\\/korallo.net\\\/index.php\\\/privacy\\\/\",\"name\":\"Privacy - Korallo Srl\",\"isPartOf\":{\"@id\":\"https:\\\/\\\/korallo.net\\\/#website\"},\"datePublished\":\"2019-09-24T14:41:46+00:00\",\"dateModified\":\"2021-12-10T15:24:23+00:00\",\"breadcrumb\":{\"@id\":\"https:\\\/\\\/korallo.net\\\/index.php\\\/privacy\\\/#breadcrumb\"},\"inLanguage\":\"it-IT\",\"potentialAction\":[{\"@type\":\"ReadAction\",\"target\":[\"https:\\\/\\\/korallo.net\\\/index.php\\\/privacy\\\/\"]}]},{\"@type\":\"BreadcrumbList\",\"@id\":\"https:\\\/\\\/korallo.net\\\/index.php\\\/privacy\\\/#breadcrumb\",\"itemListElement\":[{\"@type\":\"ListItem\",\"position\":1,\"name\":\"Home\",\"item\":\"https:\\\/\\\/korallo.net\\\/\"},{\"@type\":\"ListItem\",\"position\":2,\"name\":\"Privacy\"}]},{\"@type\":\"WebSite\",\"@id\":\"https:\\\/\\\/korallo.net\\\/#website\",\"url\":\"https:\\\/\\\/korallo.net\\\/\",\"name\":\"Korallo Srl\",\"description\":\"\",\"potentialAction\":[{\"@type\":\"SearchAction\",\"target\":{\"@type\":\"EntryPoint\",\"urlTemplate\":\"https:\\\/\\\/korallo.net\\\/?s={search_term_string}\"},\"query-input\":{\"@type\":\"PropertyValueSpecification\",\"valueRequired\":true,\"valueName\":\"search_term_string\"}}],\"inLanguage\":\"it-IT\"}]}<\/script>\n<!-- \/ Yoast SEO plugin. -->","yoast_head_json":{"title":"Privacy - Korallo Srl","robots":{"index":"index","follow":"follow","max-snippet":"max-snippet:-1","max-image-preview":"max-image-preview:large","max-video-preview":"max-video-preview:-1"},"canonical":"https:\/\/korallo.net\/index.php\/privacy\/","og_locale":"it_IT","og_type":"article","og_title":"Privacy - Korallo Srl","og_description":"INFORMATIVA COMPLETA PRIVACY IN CONFORMITA\u2019 AL REGOLAMENTO GENERALE EUROPEO 679\/16 ( GDPR ). Identit\u00e0 e dati di contatto del titolare del trattamento La presente informativa disciplina il trattamento dei dati personali effettuato mediante la nostra societ\u00e0 all\u2019interno del presente sito web, in conformit\u00e0 alle vigenti norme in tema di protezione dei dati, ivi incluso, inLeggi tutto","og_url":"https:\/\/korallo.net\/index.php\/privacy\/","og_site_name":"Korallo Srl","article_modified_time":"2021-12-10T15:24:23+00:00","twitter_card":"summary_large_image","twitter_misc":{"Tempo di lettura stimato":"7 minuti"},"schema":{"@context":"https:\/\/schema.org","@graph":[{"@type":"WebPage","@id":"https:\/\/korallo.net\/index.php\/privacy\/","url":"https:\/\/korallo.net\/index.php\/privacy\/","name":"Privacy - Korallo Srl","isPartOf":{"@id":"https:\/\/korallo.net\/#website"},"datePublished":"2019-09-24T14:41:46+00:00","dateModified":"2021-12-10T15:24:23+00:00","breadcrumb":{"@id":"https:\/\/korallo.net\/index.php\/privacy\/#breadcrumb"},"inLanguage":"it-IT","potentialAction":[{"@type":"ReadAction","target":["https:\/\/korallo.net\/index.php\/privacy\/"]}]},{"@type":"BreadcrumbList","@id":"https:\/\/korallo.net\/index.php\/privacy\/#breadcrumb","itemListElement":[{"@type":"ListItem","position":1,"name":"Home","item":"https:\/\/korallo.net\/"},{"@type":"ListItem","position":2,"name":"Privacy"}]},{"@type":"WebSite","@id":"https:\/\/korallo.net\/#website","url":"https:\/\/korallo.net\/","name":"Korallo Srl","description":"","potentialAction":[{"@type":"SearchAction","target":{"@type":"EntryPoint","urlTemplate":"https:\/\/korallo.net\/?s={search_term_string}"},"query-input":{"@type":"PropertyValueSpecification","valueRequired":true,"valueName":"search_term_string"}}],"inLanguage":"it-IT"}]}},"_links":{"self":[{"href":"https:\/\/korallo.net\/index.php\/wp-json\/wp\/v2\/pages\/4095","targetHints":{"allow":["GET"]}}],"collection":[{"href":"https:\/\/korallo.net\/index.php\/wp-json\/wp\/v2\/pages"}],"about":[{"href":"https:\/\/korallo.net\/index.php\/wp-json\/wp\/v2\/types\/page"}],"author":[{"embeddable":true,"href":"https:\/\/korallo.net\/index.php\/wp-json\/wp\/v2\/users\/10"}],"replies":[{"embeddable":true,"href":"https:\/\/korallo.net\/index.php\/wp-json\/wp\/v2\/comments?post=4095"}],"version-history":[{"count":7,"href":"https:\/\/korallo.net\/index.php\/wp-json\/wp\/v2\/pages\/4095\/revisions"}],"predecessor-version":[{"id":5961,"href":"https:\/\/korallo.net\/index.php\/wp-json\/wp\/v2\/pages\/4095\/revisions\/5961"}],"wp:attachment":[{"href":"https:\/\/korallo.net\/index.php\/wp-json\/wp\/v2\/media?parent=4095"}],"curies":[{"name":"wp","href":"https:\/\/api.w.org\/{rel}","templated":true}]}}