{"id":3733,"date":"2019-09-17T11:55:08","date_gmt":"2019-09-17T09:55:08","guid":{"rendered":"https:\/\/korallosrl.it\/?page_id=3733"},"modified":"2024-02-22T17:11:22","modified_gmt":"2024-02-22T16:11:22","slug":"come-lavoriamo","status":"publish","type":"page","link":"https:\/\/korallo.net\/index.php\/come-lavoriamo\/","title":{"rendered":"COME LAVORIAMO"},"content":{"rendered":"\n<h1 class=\"wp-block-heading has-text-align-center\">COME SI LAVORA IN KORALLO<\/h1>\n\n\n\n<div style=\"height:20px\" aria-hidden=\"true\" class=\"wp-block-spacer\"><\/div>\n\n\n<div class=\"wp-block-image\">\n<figure class=\"aligncenter\"><img loading=\"lazy\" decoding=\"async\" width=\"485\" height=\"467\" src=\"https:\/\/korallosrl.it\/wp-content\/uploads\/2019\/09\/ikigai.jpg\" alt=\"\" class=\"wp-image-4120\" srcset=\"https:\/\/korallo.net\/wp-content\/uploads\/2019\/09\/ikigai.jpg 485w, https:\/\/korallo.net\/wp-content\/uploads\/2019\/09\/ikigai-300x289.jpg 300w\" sizes=\"auto, (max-width: 485px) 100vw, 485px\" \/><\/figure>\n<\/div>\n\n\n<p class=\"has-medium-font-size wp-block-paragraph\">Abbiamo chiamato i nostri team di lavoro <span style=\"color:red;\"><b>K<\/b><\/span> perch\u00e9 questa lettera \u00e8 presente su molte parole chiave che racchiudono bene concetti importanti della nostra filosofia di lavoro.<\/p>\n\n\n\n<p class=\"has-medium-font-size wp-block-paragraph\"><strong>Lavorare per passione <\/strong>(i<span style=\"color:red;\"><b>K<\/b><\/span>igai): i nostri dipendenti sono persone che fanno del loro lavoro l\u2019opportunit\u00e0 di poter svolgere quello che meglio sanno fare. In questo modo ogni lavoro \u00e8 un\u2019opportunit\u00e0 di dimostrare la loro maestrina, di poter stare aggiornati con il mercato e migliorare, di insegnare e condividere il proprio sapere con i colleghi.<\/p>\n\n\n\n<p class=\"has-medium-font-size wp-block-paragraph\"><b>Lavorare come artigiani<\/b> (ta<span style=\"color:red;\"><b>K<\/b><\/span>umi): la nostra azienda \u00e8, e vuole rimanere, un\u2019azienda artigiana. Le soluzioni che vengono proposte ed i lavori svolti sono il frutto di esperienza operativa e non di un processo industrializzato. Per questo prima di sostituire proviamo a riparare, prima di proporre cambiamenti  proviamo integrare nuove soluzioni. Non \u00e8 sempre l\u2019approccio pi\u00f9 semplice ma sicuramente il pi\u00f9 stimolante. Cerchiamo di trovare la migliore soluzione per il cliente, facendoci pagare per la nostra professionalit\u00e0.<\/p>\n\n\n\n<p class=\"has-medium-font-size wp-block-paragraph\">Questo porta ad avere professionisti altamente qualificati, veri &#8216;Esperti&#8217; che amano il proprio lavoro e lo fanno con dedizione e grande passione come gli artigiani giapponesi altamente specializzati (<strong>Ta<span style=\"color:red;\"><b>K<\/b><\/span>umi<\/strong>): lavorando cos\u00ec siamo diventati<strong> &#8216;Esperti in reti dati e servizi per telecomunicazioni&#8217;.<\/strong><\/p>\n\n\n\n<p class=\"has-medium-font-size wp-block-paragraph\"> Se ti interessa il nostro modo di lavorare e vuoi far parte di uno dei nostri <span style=\"color:red;\"><b>K<\/b><\/span>-Team, contattaci ed invia la tua candidatura.<\/p>\n\n\n\n<div style=\"height:50px\" aria-hidden=\"true\" class=\"wp-block-spacer\"><\/div>\n\n\n\n<div class=\"wp-block-button\"><a class=\"wp-block-button__link has-background wp-element-button\" href=\"https:\/\/korallo.net\/index.php\/contatti\/\" style=\"background-color:#a51620\">Contattaci<\/a><\/div>\n\n\n\n<p class=\"wp-block-paragraph\"><\/p>\n","protected":false},"excerpt":{"rendered":"<p>COME SI LAVORA IN KORALLO Abbiamo chiamato i nostri team di lavoro K perch\u00e9 questa lettera \u00e8 presente su molte parole chiave che racchiudono bene concetti importanti della nostra filosofia di lavoro. Lavorare per passione (iKigai): i nostri dipendenti sono persone che fanno del loro lavoro l\u2019opportunit\u00e0 di poter svolgere quello che meglio sanno fare.<\/p><\/div>\n<div class=\"blog-btn\"><a href=\"https:\/\/korallo.net\/index.php\/come-lavoriamo\/\" class=\"home-blog-btn\">Leggi tutto<\/a><\/p>\n","protected":false},"author":10,"featured_media":0,"parent":0,"menu_order":0,"comment_status":"closed","ping_status":"closed","template":"","meta":{"_crdt_document":"","footnotes":""},"class_list":["post-3733","page","type-page","status-publish","hentry"],"yoast_head":"<!-- This site is optimized with the Yoast SEO plugin v27.5 - https:\/\/yoast.com\/product\/yoast-seo-wordpress\/ -->\n<title>COME LAVORIAMO - Korallo Srl<\/title>\n<meta name=\"robots\" content=\"index, follow, max-snippet:-1, max-image-preview:large, max-video-preview:-1\" \/>\n<link rel=\"canonical\" href=\"https:\/\/korallo.net\/index.php\/come-lavoriamo\/\" \/>\n<meta property=\"og:locale\" content=\"it_IT\" \/>\n<meta property=\"og:type\" content=\"article\" \/>\n<meta property=\"og:title\" content=\"COME LAVORIAMO - Korallo Srl\" \/>\n<meta property=\"og:description\" content=\"COME SI LAVORA IN KORALLO Abbiamo chiamato i nostri team di lavoro K perch\u00e9 questa lettera \u00e8 presente su molte parole chiave che racchiudono bene concetti importanti della nostra filosofia di lavoro. Lavorare per passione (iKigai): i nostri dipendenti sono persone che fanno del loro lavoro l\u2019opportunit\u00e0 di poter svolgere quello che meglio sanno fare.Leggi tutto\" \/>\n<meta property=\"og:url\" content=\"https:\/\/korallo.net\/index.php\/come-lavoriamo\/\" \/>\n<meta property=\"og:site_name\" content=\"Korallo Srl\" \/>\n<meta property=\"article:modified_time\" content=\"2024-02-22T16:11:22+00:00\" \/>\n<meta property=\"og:image\" content=\"https:\/\/korallosrl.it\/wp-content\/uploads\/2019\/09\/ikigai.jpg\" \/>\n<meta name=\"twitter:card\" content=\"summary_large_image\" \/>\n<meta name=\"twitter:label1\" content=\"Tempo di lettura stimato\" \/>\n\t<meta name=\"twitter:data1\" content=\"2 minuti\" \/>\n<script type=\"application\/ld+json\" class=\"yoast-schema-graph\">{\"@context\":\"https:\\\/\\\/schema.org\",\"@graph\":[{\"@type\":\"WebPage\",\"@id\":\"https:\\\/\\\/korallo.net\\\/index.php\\\/come-lavoriamo\\\/\",\"url\":\"https:\\\/\\\/korallo.net\\\/index.php\\\/come-lavoriamo\\\/\",\"name\":\"COME LAVORIAMO - Korallo Srl\",\"isPartOf\":{\"@id\":\"https:\\\/\\\/korallo.net\\\/#website\"},\"primaryImageOfPage\":{\"@id\":\"https:\\\/\\\/korallo.net\\\/index.php\\\/come-lavoriamo\\\/#primaryimage\"},\"image\":{\"@id\":\"https:\\\/\\\/korallo.net\\\/index.php\\\/come-lavoriamo\\\/#primaryimage\"},\"thumbnailUrl\":\"https:\\\/\\\/korallosrl.it\\\/wp-content\\\/uploads\\\/2019\\\/09\\\/ikigai.jpg\",\"datePublished\":\"2019-09-17T09:55:08+00:00\",\"dateModified\":\"2024-02-22T16:11:22+00:00\",\"breadcrumb\":{\"@id\":\"https:\\\/\\\/korallo.net\\\/index.php\\\/come-lavoriamo\\\/#breadcrumb\"},\"inLanguage\":\"it-IT\",\"potentialAction\":[{\"@type\":\"ReadAction\",\"target\":[\"https:\\\/\\\/korallo.net\\\/index.php\\\/come-lavoriamo\\\/\"]}]},{\"@type\":\"ImageObject\",\"inLanguage\":\"it-IT\",\"@id\":\"https:\\\/\\\/korallo.net\\\/index.php\\\/come-lavoriamo\\\/#primaryimage\",\"url\":\"https:\\\/\\\/korallosrl.it\\\/wp-content\\\/uploads\\\/2019\\\/09\\\/ikigai.jpg\",\"contentUrl\":\"https:\\\/\\\/korallosrl.it\\\/wp-content\\\/uploads\\\/2019\\\/09\\\/ikigai.jpg\"},{\"@type\":\"BreadcrumbList\",\"@id\":\"https:\\\/\\\/korallo.net\\\/index.php\\\/come-lavoriamo\\\/#breadcrumb\",\"itemListElement\":[{\"@type\":\"ListItem\",\"position\":1,\"name\":\"Home\",\"item\":\"https:\\\/\\\/korallo.net\\\/\"},{\"@type\":\"ListItem\",\"position\":2,\"name\":\"COME LAVORIAMO\"}]},{\"@type\":\"WebSite\",\"@id\":\"https:\\\/\\\/korallo.net\\\/#website\",\"url\":\"https:\\\/\\\/korallo.net\\\/\",\"name\":\"Korallo Srl\",\"description\":\"\",\"potentialAction\":[{\"@type\":\"SearchAction\",\"target\":{\"@type\":\"EntryPoint\",\"urlTemplate\":\"https:\\\/\\\/korallo.net\\\/?s={search_term_string}\"},\"query-input\":{\"@type\":\"PropertyValueSpecification\",\"valueRequired\":true,\"valueName\":\"search_term_string\"}}],\"inLanguage\":\"it-IT\"}]}<\/script>\n<!-- \/ Yoast SEO plugin. -->","yoast_head_json":{"title":"COME LAVORIAMO - Korallo Srl","robots":{"index":"index","follow":"follow","max-snippet":"max-snippet:-1","max-image-preview":"max-image-preview:large","max-video-preview":"max-video-preview:-1"},"canonical":"https:\/\/korallo.net\/index.php\/come-lavoriamo\/","og_locale":"it_IT","og_type":"article","og_title":"COME LAVORIAMO - Korallo Srl","og_description":"COME SI LAVORA IN KORALLO Abbiamo chiamato i nostri team di lavoro K perch\u00e9 questa lettera \u00e8 presente su molte parole chiave che racchiudono bene concetti importanti della nostra filosofia di lavoro. Lavorare per passione (iKigai): i nostri dipendenti sono persone che fanno del loro lavoro l\u2019opportunit\u00e0 di poter svolgere quello che meglio sanno fare.Leggi tutto","og_url":"https:\/\/korallo.net\/index.php\/come-lavoriamo\/","og_site_name":"Korallo Srl","article_modified_time":"2024-02-22T16:11:22+00:00","og_image":[{"url":"https:\/\/korallosrl.it\/wp-content\/uploads\/2019\/09\/ikigai.jpg","type":"","width":"","height":""}],"twitter_card":"summary_large_image","twitter_misc":{"Tempo di lettura stimato":"2 minuti"},"schema":{"@context":"https:\/\/schema.org","@graph":[{"@type":"WebPage","@id":"https:\/\/korallo.net\/index.php\/come-lavoriamo\/","url":"https:\/\/korallo.net\/index.php\/come-lavoriamo\/","name":"COME LAVORIAMO - Korallo Srl","isPartOf":{"@id":"https:\/\/korallo.net\/#website"},"primaryImageOfPage":{"@id":"https:\/\/korallo.net\/index.php\/come-lavoriamo\/#primaryimage"},"image":{"@id":"https:\/\/korallo.net\/index.php\/come-lavoriamo\/#primaryimage"},"thumbnailUrl":"https:\/\/korallosrl.it\/wp-content\/uploads\/2019\/09\/ikigai.jpg","datePublished":"2019-09-17T09:55:08+00:00","dateModified":"2024-02-22T16:11:22+00:00","breadcrumb":{"@id":"https:\/\/korallo.net\/index.php\/come-lavoriamo\/#breadcrumb"},"inLanguage":"it-IT","potentialAction":[{"@type":"ReadAction","target":["https:\/\/korallo.net\/index.php\/come-lavoriamo\/"]}]},{"@type":"ImageObject","inLanguage":"it-IT","@id":"https:\/\/korallo.net\/index.php\/come-lavoriamo\/#primaryimage","url":"https:\/\/korallosrl.it\/wp-content\/uploads\/2019\/09\/ikigai.jpg","contentUrl":"https:\/\/korallosrl.it\/wp-content\/uploads\/2019\/09\/ikigai.jpg"},{"@type":"BreadcrumbList","@id":"https:\/\/korallo.net\/index.php\/come-lavoriamo\/#breadcrumb","itemListElement":[{"@type":"ListItem","position":1,"name":"Home","item":"https:\/\/korallo.net\/"},{"@type":"ListItem","position":2,"name":"COME LAVORIAMO"}]},{"@type":"WebSite","@id":"https:\/\/korallo.net\/#website","url":"https:\/\/korallo.net\/","name":"Korallo Srl","description":"","potentialAction":[{"@type":"SearchAction","target":{"@type":"EntryPoint","urlTemplate":"https:\/\/korallo.net\/?s={search_term_string}"},"query-input":{"@type":"PropertyValueSpecification","valueRequired":true,"valueName":"search_term_string"}}],"inLanguage":"it-IT"}]}},"_links":{"self":[{"href":"https:\/\/korallo.net\/index.php\/wp-json\/wp\/v2\/pages\/3733","targetHints":{"allow":["GET"]}}],"collection":[{"href":"https:\/\/korallo.net\/index.php\/wp-json\/wp\/v2\/pages"}],"about":[{"href":"https:\/\/korallo.net\/index.php\/wp-json\/wp\/v2\/types\/page"}],"author":[{"embeddable":true,"href":"https:\/\/korallo.net\/index.php\/wp-json\/wp\/v2\/users\/10"}],"replies":[{"embeddable":true,"href":"https:\/\/korallo.net\/index.php\/wp-json\/wp\/v2\/comments?post=3733"}],"version-history":[{"count":31,"href":"https:\/\/korallo.net\/index.php\/wp-json\/wp\/v2\/pages\/3733\/revisions"}],"predecessor-version":[{"id":13536,"href":"https:\/\/korallo.net\/index.php\/wp-json\/wp\/v2\/pages\/3733\/revisions\/13536"}],"wp:attachment":[{"href":"https:\/\/korallo.net\/index.php\/wp-json\/wp\/v2\/media?parent=3733"}],"curies":[{"name":"wp","href":"https:\/\/api.w.org\/{rel}","templated":true}]}}