{"id":3663,"date":"2019-09-10T11:11:08","date_gmt":"2019-09-10T09:11:08","guid":{"rendered":"https:\/\/korallosrl.it\/?page_id=3663"},"modified":"2022-11-30T19:29:18","modified_gmt":"2022-11-30T18:29:18","slug":"k-cab-cablaggio-strutturato","status":"publish","type":"page","link":"https:\/\/korallo.net\/index.php\/k-cab-cablaggio-strutturato\/","title":{"rendered":"K-CAB: Cabling"},"content":{"rendered":"\r\n<div class=\"wp-block-columns is-layout-flex wp-container-core-columns-is-layout-8f761849 wp-block-columns-is-layout-flex\">\r\n<div class=\"wp-block-column is-layout-flow wp-block-column-is-layout-flow\" style=\"flex-basis: 25%;\">\r\n<div class=\"wp-block-buttons is-content-justification-center is-layout-flex wp-container-core-buttons-is-layout-fe48e5de wp-block-buttons-is-layout-flex\">\r\n<div class=\"wp-block-button has-custom-width wp-block-button__width-75 has-custom-font-size is-style-fill has-small-font-size\"><a class=\"wp-block-button__link has-white-color has-text-color has-background wp-element-button\" style=\"border-top-left-radius: 15px; border-top-right-radius: 0px; border-bottom-left-radius: 0px; border-bottom-right-radius: 15px; background: linear-gradient(45deg,#a51620 38%,#21202e 100%);\" href=\"https:\/\/korallo.net\/index.php\/k-net-networking\/\">K-NET: Networking<\/a><\/div>\r\n<\/div>\r\n<\/div>\r\n\r\n\r\n\r\n<div class=\"wp-block-column is-layout-flow wp-block-column-is-layout-flow\" style=\"flex-basis: 50%;\">\r\n<div class=\"wp-block-spacer\" style=\"height: 15px;\" aria-hidden=\"true\">\u00a0<\/div>\r\n<\/div>\r\n\r\n\r\n\r\n<div class=\"wp-block-column is-layout-flow wp-block-column-is-layout-flow\" style=\"flex-basis: 25%;\">\r\n<div class=\"wp-block-buttons is-content-justification-center is-layout-flex wp-container-core-buttons-is-layout-fe48e5de wp-block-buttons-is-layout-flex\">\r\n<div class=\"wp-block-button has-custom-width wp-block-button__width-75 has-custom-font-size has-small-font-size\"><a class=\"wp-block-button__link has-white-color has-text-color has-background wp-element-button\" style=\"border-top-left-radius: 0px; border-top-right-radius: 15px; border-bottom-left-radius: 15px; border-bottom-right-radius: 0px; background: linear-gradient(135deg,#21202e 0%,#a51620 61%);\" href=\"https:\/\/korallo.net\/index.php\/k-pbx-telefonia-comunicazione\/\">K-PBX: Communication<\/a><\/div>\r\n<\/div>\r\n<\/div>\r\n<\/div>\r\n\r\n\r\n\r\n<div class=\"wp-block-spacer\" style=\"height: 40px;\" aria-hidden=\"true\">\u00a0<\/div>\r\n\r\n\r\n\r\n<h1 class=\"has-text-align-center\" style=\"font-size: 2.7rem;\"><span style=\"color: red;\">K<\/span>-CAB Cabling<\/h1>\r\n\r\n\r\n\r\n<p><style>\r\nhr {\r\nalign:center;\r\nborder: none;\r\nheight: 1px;\r\n\/* Set the hr color *\/\r\ncolor: #808080; \/* old IE *\/\r\nbackground-color: #808080; \/* Modern Browsers *\/\r\n}\r\n\r\n@media screen and (min-width: 1000px) {\r\nhr {\r\nwidth:65%;\r\n}\r\n}\r\n<\/style><\/p>\r\n<hr \/>\r\n<div class=\"wp-block-spacer\" style=\"height: 10px;\" aria-hidden=\"true\">\u00a0<\/div>\r\n\r\n\r\n\r\n<h2 id=\"i-nostri-kablaggi-strutturati\" class=\"has-text-align-center wp-block-heading\">Il nostro Cablaggio strutturato<\/h2>\r\n\r\n\r\n\r\n<div class=\"wp-block-spacer\" style=\"height: 10px;\" aria-hidden=\"true\">\u00a0<\/div>\r\n\r\n\r\n\r\n<p><style>\r\n    @media screen and (max-width: 1000px) {\r\n        .img2 {\r\n            width: 100%;\r\n            display: block;\r\n            margin-bottom: 15px;\r\n        }\r\n\r\n        p {\r\n            font-size: 16px;\r\n        }\r\n\r\n        ul li {\r\n            font-size: 16px;\r\n        }\r\n\r\n        h1 {\r\n            font-size: 23px;\r\n        }\r\n\r\n        h2 {\r\n            font-size: 21px;\r\n        }\r\n\r\n        h3 {\r\n            font-size: 20px;\r\n        }\r\n    }\r\n\r\n    @media screen and (min-width: 1000px) {\r\n        .img2 {\r\n            width: 40%;\r\n            margin-right: 15px;\r\n            float: left;\r\n        }\r\n\r\n        p {\r\n            font-size: 0.9rem;\r\n        }\r\n\r\n        ul li {\r\n            font-size: 0.9rem;\r\n        }\r\n    }\r\n<\/style><\/p>\r\n<p><img decoding=\"async\" class=\"img2\" src=\"https:\/\/korallo.net\/wp-content\/uploads\/2022\/11\/cabling.jpg\" alt=\"network cables\" \/> Il cablaggio strutturato \u00e8 l\u2019insieme di tutti i componenti passivi (cavi, connettori, prese terminali, armadi rack ecc.) necessari alla realizzazione di una rete informatica.<\/p>\r\n<p>Un cablaggio strutturato rientra tra gli interventi STRAORDINARI che interessano l\u2019ammodernamento di un edificio, bene durevole per eccellenza. Per questo motivo il suo dimensionamento e tecnologia costruttiva devono essere tali per cui il risultato debba essere adeguato per le esigenze di medio e lungo periodo (10\/15 anni).<\/p>\r\n<p>La Korallo \u00e8 una impresa artigiana, ed ha al suo interno dipendenti esperti in ICT (Information Communication Technology). L\u2019esperienza nasce da oltre 30 anni di lavoro nel settore delle telecomunicazioni dei nostri capi squadra che vengono affiancati da responsabili di reparto e giovani tecnici preparati e certificati. Le nostre soluzioni sono il frutto di questa grande esperienza unita alla capacit\u00e0 di ascoltare e capire i bisogni dei clienti.<\/p>\r\n\r\n\r\n\r\n<div class=\"wp-block-spacer\" style=\"height: 50px;\" aria-hidden=\"true\">\u00a0<\/div>\r\n\r\n\r\n\r\n<h3 id=\"la-manutenzione-nella-distribuzione-dei-servizi-di-rete\" class=\"has-text-align-center wp-block-heading\"><strong>La manutenzione nella distribuzione dei servizi di rete<\/strong><\/h3>\r\n\r\n\r\n\r\n<p class=\"wp-block-paragraph\">Korallo oltre che realizzare nuove reti in rame e in fibra ottica, offre una particolare attenzione alla manutenzione delle infrastrutture esistenti di trasporto dei dati.<br \/>Molto spesso nei sistemi informatici si implementano nuove macchine con nuove tecnologie (nuovi computer, server, router, firewall ecc.) senza porre particolare cura alla rete esistente su cui i flussi dati di queste apparecchiature performanti verranno trasportati.<br \/>Si va incontro quindi ad una limitazione delle prestazioni aspettate in quanto il collo di bottiglia per il traffico dati e&#8217; costituito appunto da una rete in rame o fibra adeguata a tecnologie di anni o decenni fa, ma non piu&#8217; in grado di supportare le velocita&#8217; e larghezze di banda richieste dalle moderne apparecchiature.<br \/>Inoltre esiste sempre la possibilita&#8217; di un degrado o guasto dei supporti esistenti seppur aggiornati, come cavi danneggiati, connettori strappati, connessioni ottiche sporche ecc.<br \/>Korallo offre quindi un servizio di analisi e certificazione, con opportuna strumentazione, dello stato attuale della rete del cliente e la relativa riparazione o sostituzione degli elementi causa del malfunzionamento, con ricertificazione delle caratteristiche.<\/p>\r\n\r\n\r\n\r\n<div class=\"wp-block-spacer\" style=\"height: 50px;\" aria-hidden=\"true\">\u00a0<\/div>\r\n\r\n\r\n\r\n<div class=\"wp-block-buttons is-content-justification-center is-layout-flex wp-container-core-buttons-is-layout-fe48e5de wp-block-buttons-is-layout-flex\"><\/div>\r\n\r\n\r\n\r\n<div class=\"wp-block-columns is-layout-flex wp-container-core-columns-is-layout-8f761849 wp-block-columns-is-layout-flex\">\r\n<div class=\"wp-block-column is-layout-flow wp-block-column-is-layout-flow\">\r\n<div class=\"quadro\">\r\n<div class=\"post text-center wow flipInX animated animated\" style=\"visibility: visible; animation-delay: 0.5s; animation-name: flipInX;\" data-wow-delay=\".5s\">\r\n<figure class=\"post-thumbnail\"><img decoding=\"async\" class=\"services_cols_mn_icon\" title=\"\" src=\"https:\/\/korallo.net\/wp-content\/uploads\/2022\/01\/rack.jpg\" alt=\"\" \/><\/figure>\r\n<div class=\"entry-header\">\r\n<h4 class=\"entry-title\" style=\"font-size: 1.1rem;\">Armadi Rack<\/h4>\r\n<\/div>\r\n<\/div>\r\n<\/div>\r\n<\/div>\r\n\r\n\r\n\r\n<div class=\"wp-block-column is-layout-flow wp-block-column-is-layout-flow\">\r\n<div class=\"quadro\">\r\n<div class=\"post text-center wow flipInX animated animated\" style=\"visibility: visible; animation-delay: 0.5s; animation-name: flipInX;\" data-wow-delay=\".5s\">\r\n<figure class=\"post-thumbnail\"><img decoding=\"async\" class=\"services_cols_mn_icon\" title=\"\" src=\"https:\/\/korallo.net\/wp-content\/uploads\/2022\/01\/cat6.jpg\" alt=\"\" \/><\/figure>\r\n<div class=\"entry-header\">\r\n<h4 class=\"entry-title\" style=\"font-size: 1.1rem;\">Cavi UTP e FTP<\/h4>\r\n<\/div>\r\n<\/div>\r\n<\/div>\r\n<\/div>\r\n\r\n\r\n\r\n<div class=\"wp-block-column is-layout-flow wp-block-column-is-layout-flow\">\r\n<div class=\"quadro\">\r\n<div class=\"post text-center wow flipInX animated animated\" style=\"visibility: visible; animation-delay: 0.5s; animation-name: flipInX;\" data-wow-delay=\".5s\">\r\n<figure class=\"post-thumbnail\"><img decoding=\"async\" class=\"services_cols_mn_icon\" title=\"\" src=\"https:\/\/korallo.net\/wp-content\/uploads\/2022\/01\/patch_panel.jpg\" alt=\"\" \/><\/figure>\r\n<div class=\"entry-header\">\r\n<h4 class=\"entry-title\" style=\"font-size: 1.1rem;\">Patch Panel<\/h4>\r\n<\/div>\r\n<\/div>\r\n<\/div>\r\n<\/div>\r\n\r\n\r\n\r\n<div class=\"wp-block-column is-layout-flow wp-block-column-is-layout-flow\">\r\n<div class=\"quadro\">\r\n<div class=\"post text-center wow flipInX animated animated\" style=\"visibility: visible; animation-delay: 0.5s; animation-name: flipInX;\" data-wow-delay=\".5s\">\r\n<figure class=\"post-thumbnail\"><img decoding=\"async\" class=\"services_cols_mn_icon\" title=\"\" src=\"https:\/\/korallo.net\/wp-content\/uploads\/2022\/01\/patch_cord.jpg\" alt=\"\" \/><\/figure>\r\n<div class=\"entry-header\">\r\n<h4 class=\"entry-title\" style=\"font-size: 1.1rem;\">Patch Cord<\/h4>\r\n<\/div>\r\n<\/div>\r\n<\/div>\r\n<\/div>\r\n<\/div>\r\n\r\n\r\n\r\n<div class=\"wp-block-columns is-layout-flex wp-container-core-columns-is-layout-8f761849 wp-block-columns-is-layout-flex\">\r\n<div class=\"wp-block-column is-layout-flow wp-block-column-is-layout-flow\">\r\n<div class=\"quadro\">\r\n<div class=\"post text-center wow flipInX animated animated\" style=\"visibility: visible; animation-delay: 0.5s; animation-name: flipInX;\" data-wow-delay=\".5s\">\r\n<figure class=\"post-thumbnail\"><img decoding=\"async\" class=\"services_cols_mn_icon\" title=\"\" src=\"https:\/\/korallo.net\/wp-content\/uploads\/2022\/01\/fibra_ottica.jpg\" alt=\"\" \/><\/figure>\r\n<div class=\"entry-header\">\r\n<h4 class=\"entry-title\" style=\"font-size: 1.1rem;\">Cavi Fibra Ottica<\/h4>\r\n<\/div>\r\n<\/div>\r\n<\/div>\r\n<\/div>\r\n\r\n\r\n\r\n<div class=\"wp-block-column is-layout-flow wp-block-column-is-layout-flow\">\r\n<div class=\"quadro\">\r\n<div class=\"post text-center wow flipInX animated animated\" style=\"visibility: visible; animation-delay: 0.5s; animation-name: flipInX;\" data-wow-delay=\".5s\">\r\n<figure class=\"post-thumbnail\"><img decoding=\"async\" class=\"services_cols_mn_icon\" title=\"\" src=\"https:\/\/korallo.net\/wp-content\/uploads\/2022\/01\/cass_ottico.jpg\" alt=\"\" \/><\/figure>\r\n<div class=\"entry-header\">\r\n<h4 class=\"entry-title\" style=\"font-size: 1.1rem;\">Cassetti Ottici<\/h4>\r\n<\/div>\r\n<\/div>\r\n<\/div>\r\n<\/div>\r\n\r\n\r\n\r\n<div class=\"wp-block-column is-layout-flow wp-block-column-is-layout-flow\">\r\n<div class=\"quadro\">\r\n<div class=\"post text-center wow flipInX animated animated\" style=\"visibility: visible; animation-delay: 0.5s; animation-name: flipInX;\" data-wow-delay=\".5s\">\r\n<figure class=\"post-thumbnail\"><img decoding=\"async\" class=\"services_cols_mn_icon\" title=\"\" src=\"https:\/\/korallo.net\/wp-content\/uploads\/2022\/01\/adattatori_fo.jpg\" alt=\"\" \/><\/figure>\r\n<div class=\"entry-header\">\r\n<h4 class=\"entry-title\" style=\"font-size: 1.1rem;\">Bussole e Adattatori<\/h4>\r\n<\/div>\r\n<\/div>\r\n<\/div>\r\n<\/div>\r\n\r\n\r\n\r\n<div class=\"wp-block-column is-layout-flow wp-block-column-is-layout-flow\">\r\n<div class=\"quadro\">\r\n<div class=\"post text-center wow flipInX animated animated\" style=\"visibility: visible; animation-delay: 0.5s; animation-name: flipInX;\" data-wow-delay=\".5s\">\r\n<figure class=\"post-thumbnail\"><img decoding=\"async\" class=\"services_cols_mn_icon\" title=\"\" src=\"https:\/\/korallo.net\/wp-content\/uploads\/2022\/01\/patch_fo.jpg\" alt=\"\" \/><\/figure>\r\n<div class=\"entry-header\">\r\n<h4 class=\"entry-title\" style=\"font-size: 1.1rem;\">Connettori Ottici<\/h4>\r\n<\/div>\r\n<\/div>\r\n<\/div>\r\n<\/div>\r\n<\/div>\r\n\r\n<p><span style=\"color: #ffffff;\">Cabling Networking e Communication Treviso PBX centralini telefonici panasonic samsung avaya alcatel installazioni e manutenzioni centrali VoIP reti in fibra ottica e rame certificazioni riparazioni telefoni<\/span><\/p>\r\n\r\n\r\n\r\n<h3 style=\"text-align: center;\">Concetti importanti del Cablaggio strutturato<\/h3>\r\n<p>La lunghezza dei cavi, la loro posa e il loro angolo di curvatura, l\u2019attestazione delle prese debbono rispettare dei precisi standard per poter garantire la qualit\u00e0 necessaria per superare la certificazione. Un cavo dati NON \u00e8 un cavo elettrico. Un cablaggio strutturato non \u00e8 un impianto elettrico. Per questi motivi si deve certificare il lavoro svolto, perch\u00e9 una impianto elettrico deve solo portare corrente mentre un cablaggio strutturato deve garantire il passaggio di una precisa quantit\u00e0 di dati adatta a garantire i servizi per cui \u00e8 stata realizzata (telefonia, video sorveglianza, quantit\u00e0 di dati in download e upload a seconda delle esigenze).<\/p>\r\n\r\n\r\n\r\n<div class=\"wp-block-spacer\" style=\"height: 40px;\" aria-hidden=\"true\">\u00a0<\/div>\r\n\r\n\r\n\r\n<div class=\"wp-block-buttons aligncenter\"><a class=\"wp-block-button__link has-background\" style=\"background-color: #a51620;\" href=\"https:\/\/korallo.net\/index.php\/contatti\/\">Contattaci<\/a><\/div>\r\n\r\n\r\n\r\n<p class=\"wp-block-paragraph\">&nbsp;<\/p>\r\n","protected":false},"excerpt":{"rendered":"<p>K-CAB Cabling \u00a0 Il nostro Cablaggio strutturato \u00a0 Il cablaggio strutturato \u00e8 l\u2019insieme di tutti i componenti passivi (cavi, connettori, prese terminali, armadi rack ecc.) necessari alla realizzazione di una rete informatica. Un cablaggio strutturato rientra tra gli interventi STRAORDINARI che interessano l\u2019ammodernamento di un edificio, bene durevole per eccellenza. Per questo motivo il suo<\/p><\/div>\n<div class=\"blog-btn\"><a href=\"https:\/\/korallo.net\/index.php\/k-cab-cablaggio-strutturato\/\" class=\"home-blog-btn\">Leggi tutto<\/a><\/p>\n","protected":false},"author":10,"featured_media":0,"parent":0,"menu_order":0,"comment_status":"closed","ping_status":"closed","template":"","meta":{"_crdt_document":"","footnotes":""},"class_list":["post-3663","page","type-page","status-publish","hentry"],"yoast_head":"<!-- This site is optimized with the Yoast SEO plugin v27.5 - https:\/\/yoast.com\/product\/yoast-seo-wordpress\/ -->\n<title>Korallo srl: cablaggio strutturato passivo, reti lan e telefono<\/title>\n<meta name=\"description\" content=\"Korallo srl: cablaggio strutturato passivo, reti lan e telefono. Cavi di rete, ethernet, rj45. Fibra ottica, rame. Classe 6.\" \/>\n<meta name=\"robots\" content=\"index, follow, max-snippet:-1, max-image-preview:large, max-video-preview:-1\" \/>\n<link rel=\"canonical\" href=\"https:\/\/korallo.net\/index.php\/k-cab-cablaggio-strutturato\/\" \/>\n<meta property=\"og:locale\" content=\"it_IT\" \/>\n<meta property=\"og:type\" content=\"article\" \/>\n<meta property=\"og:title\" content=\"Korallo srl: cablaggio strutturato passivo, reti lan e telefono\" \/>\n<meta property=\"og:description\" content=\"Korallo srl: cablaggio strutturato passivo, reti lan e telefono. Cavi di rete, ethernet, rj45. Fibra ottica, rame. Classe 6.\" \/>\n<meta property=\"og:url\" content=\"https:\/\/korallo.net\/index.php\/k-cab-cablaggio-strutturato\/\" \/>\n<meta property=\"og:site_name\" content=\"Korallo Srl\" \/>\n<meta property=\"article:modified_time\" content=\"2022-11-30T18:29:18+00:00\" \/>\n<meta property=\"og:image\" content=\"https:\/\/korallo.net\/wp-content\/uploads\/2022\/11\/cabling.jpg\" \/>\n<meta name=\"twitter:card\" content=\"summary_large_image\" \/>\n<meta name=\"twitter:label1\" content=\"Tempo di lettura stimato\" \/>\n\t<meta name=\"twitter:data1\" content=\"5 minuti\" \/>\n<script type=\"application\/ld+json\" class=\"yoast-schema-graph\">{\"@context\":\"https:\\\/\\\/schema.org\",\"@graph\":[{\"@type\":\"WebPage\",\"@id\":\"https:\\\/\\\/korallo.net\\\/index.php\\\/k-cab-cablaggio-strutturato\\\/\",\"url\":\"https:\\\/\\\/korallo.net\\\/index.php\\\/k-cab-cablaggio-strutturato\\\/\",\"name\":\"Korallo srl: cablaggio strutturato passivo, reti lan e telefono\",\"isPartOf\":{\"@id\":\"https:\\\/\\\/korallo.net\\\/#website\"},\"primaryImageOfPage\":{\"@id\":\"https:\\\/\\\/korallo.net\\\/index.php\\\/k-cab-cablaggio-strutturato\\\/#primaryimage\"},\"image\":{\"@id\":\"https:\\\/\\\/korallo.net\\\/index.php\\\/k-cab-cablaggio-strutturato\\\/#primaryimage\"},\"thumbnailUrl\":\"https:\\\/\\\/korallo.net\\\/wp-content\\\/uploads\\\/2022\\\/11\\\/cabling.jpg\",\"datePublished\":\"2019-09-10T09:11:08+00:00\",\"dateModified\":\"2022-11-30T18:29:18+00:00\",\"description\":\"Korallo srl: cablaggio strutturato passivo, reti lan e telefono. Cavi di rete, ethernet, rj45. Fibra ottica, rame. Classe 6.\",\"breadcrumb\":{\"@id\":\"https:\\\/\\\/korallo.net\\\/index.php\\\/k-cab-cablaggio-strutturato\\\/#breadcrumb\"},\"inLanguage\":\"it-IT\",\"potentialAction\":[{\"@type\":\"ReadAction\",\"target\":[\"https:\\\/\\\/korallo.net\\\/index.php\\\/k-cab-cablaggio-strutturato\\\/\"]}]},{\"@type\":\"ImageObject\",\"inLanguage\":\"it-IT\",\"@id\":\"https:\\\/\\\/korallo.net\\\/index.php\\\/k-cab-cablaggio-strutturato\\\/#primaryimage\",\"url\":\"https:\\\/\\\/korallo.net\\\/wp-content\\\/uploads\\\/2022\\\/11\\\/cabling.jpg\",\"contentUrl\":\"https:\\\/\\\/korallo.net\\\/wp-content\\\/uploads\\\/2022\\\/11\\\/cabling.jpg\",\"width\":750,\"height\":500},{\"@type\":\"BreadcrumbList\",\"@id\":\"https:\\\/\\\/korallo.net\\\/index.php\\\/k-cab-cablaggio-strutturato\\\/#breadcrumb\",\"itemListElement\":[{\"@type\":\"ListItem\",\"position\":1,\"name\":\"Home\",\"item\":\"https:\\\/\\\/korallo.net\\\/\"},{\"@type\":\"ListItem\",\"position\":2,\"name\":\"K-CAB: Cabling\"}]},{\"@type\":\"WebSite\",\"@id\":\"https:\\\/\\\/korallo.net\\\/#website\",\"url\":\"https:\\\/\\\/korallo.net\\\/\",\"name\":\"Korallo Srl\",\"description\":\"\",\"potentialAction\":[{\"@type\":\"SearchAction\",\"target\":{\"@type\":\"EntryPoint\",\"urlTemplate\":\"https:\\\/\\\/korallo.net\\\/?s={search_term_string}\"},\"query-input\":{\"@type\":\"PropertyValueSpecification\",\"valueRequired\":true,\"valueName\":\"search_term_string\"}}],\"inLanguage\":\"it-IT\"}]}<\/script>\n<!-- \/ Yoast SEO plugin. -->","yoast_head_json":{"title":"Korallo srl: cablaggio strutturato passivo, reti lan e telefono","description":"Korallo srl: cablaggio strutturato passivo, reti lan e telefono. Cavi di rete, ethernet, rj45. Fibra ottica, rame. Classe 6.","robots":{"index":"index","follow":"follow","max-snippet":"max-snippet:-1","max-image-preview":"max-image-preview:large","max-video-preview":"max-video-preview:-1"},"canonical":"https:\/\/korallo.net\/index.php\/k-cab-cablaggio-strutturato\/","og_locale":"it_IT","og_type":"article","og_title":"Korallo srl: cablaggio strutturato passivo, reti lan e telefono","og_description":"Korallo srl: cablaggio strutturato passivo, reti lan e telefono. Cavi di rete, ethernet, rj45. Fibra ottica, rame. Classe 6.","og_url":"https:\/\/korallo.net\/index.php\/k-cab-cablaggio-strutturato\/","og_site_name":"Korallo Srl","article_modified_time":"2022-11-30T18:29:18+00:00","og_image":[{"url":"https:\/\/korallo.net\/wp-content\/uploads\/2022\/11\/cabling.jpg","type":"","width":"","height":""}],"twitter_card":"summary_large_image","twitter_misc":{"Tempo di lettura stimato":"5 minuti"},"schema":{"@context":"https:\/\/schema.org","@graph":[{"@type":"WebPage","@id":"https:\/\/korallo.net\/index.php\/k-cab-cablaggio-strutturato\/","url":"https:\/\/korallo.net\/index.php\/k-cab-cablaggio-strutturato\/","name":"Korallo srl: cablaggio strutturato passivo, reti lan e telefono","isPartOf":{"@id":"https:\/\/korallo.net\/#website"},"primaryImageOfPage":{"@id":"https:\/\/korallo.net\/index.php\/k-cab-cablaggio-strutturato\/#primaryimage"},"image":{"@id":"https:\/\/korallo.net\/index.php\/k-cab-cablaggio-strutturato\/#primaryimage"},"thumbnailUrl":"https:\/\/korallo.net\/wp-content\/uploads\/2022\/11\/cabling.jpg","datePublished":"2019-09-10T09:11:08+00:00","dateModified":"2022-11-30T18:29:18+00:00","description":"Korallo srl: cablaggio strutturato passivo, reti lan e telefono. Cavi di rete, ethernet, rj45. Fibra ottica, rame. Classe 6.","breadcrumb":{"@id":"https:\/\/korallo.net\/index.php\/k-cab-cablaggio-strutturato\/#breadcrumb"},"inLanguage":"it-IT","potentialAction":[{"@type":"ReadAction","target":["https:\/\/korallo.net\/index.php\/k-cab-cablaggio-strutturato\/"]}]},{"@type":"ImageObject","inLanguage":"it-IT","@id":"https:\/\/korallo.net\/index.php\/k-cab-cablaggio-strutturato\/#primaryimage","url":"https:\/\/korallo.net\/wp-content\/uploads\/2022\/11\/cabling.jpg","contentUrl":"https:\/\/korallo.net\/wp-content\/uploads\/2022\/11\/cabling.jpg","width":750,"height":500},{"@type":"BreadcrumbList","@id":"https:\/\/korallo.net\/index.php\/k-cab-cablaggio-strutturato\/#breadcrumb","itemListElement":[{"@type":"ListItem","position":1,"name":"Home","item":"https:\/\/korallo.net\/"},{"@type":"ListItem","position":2,"name":"K-CAB: Cabling"}]},{"@type":"WebSite","@id":"https:\/\/korallo.net\/#website","url":"https:\/\/korallo.net\/","name":"Korallo Srl","description":"","potentialAction":[{"@type":"SearchAction","target":{"@type":"EntryPoint","urlTemplate":"https:\/\/korallo.net\/?s={search_term_string}"},"query-input":{"@type":"PropertyValueSpecification","valueRequired":true,"valueName":"search_term_string"}}],"inLanguage":"it-IT"}]}},"_links":{"self":[{"href":"https:\/\/korallo.net\/index.php\/wp-json\/wp\/v2\/pages\/3663","targetHints":{"allow":["GET"]}}],"collection":[{"href":"https:\/\/korallo.net\/index.php\/wp-json\/wp\/v2\/pages"}],"about":[{"href":"https:\/\/korallo.net\/index.php\/wp-json\/wp\/v2\/types\/page"}],"author":[{"embeddable":true,"href":"https:\/\/korallo.net\/index.php\/wp-json\/wp\/v2\/users\/10"}],"replies":[{"embeddable":true,"href":"https:\/\/korallo.net\/index.php\/wp-json\/wp\/v2\/comments?post=3663"}],"version-history":[{"count":127,"href":"https:\/\/korallo.net\/index.php\/wp-json\/wp\/v2\/pages\/3663\/revisions"}],"predecessor-version":[{"id":10953,"href":"https:\/\/korallo.net\/index.php\/wp-json\/wp\/v2\/pages\/3663\/revisions\/10953"}],"wp:attachment":[{"href":"https:\/\/korallo.net\/index.php\/wp-json\/wp\/v2\/media?parent=3663"}],"curies":[{"name":"wp","href":"https:\/\/api.w.org\/{rel}","templated":true}]}}